{"id":5178,"date":"2026-02-22T12:56:21","date_gmt":"2026-02-22T12:56:21","guid":{"rendered":"https:\/\/demoscan.ch\/?page_id=5178"},"modified":"2026-03-11T16:06:05","modified_gmt":"2026-03-11T16:06:05","slug":"unser-angebot","status":"publish","type":"page","link":"https:\/\/demoscan.ch\/fr\/unser-angebot\/","title":{"rendered":"Notre offre"},"content":{"rendered":"<div data-elementor-type=\"wp-page\" data-elementor-id=\"5178\" class=\"elementor elementor-5178\" data-elementor-post-type=\"page\">\n\t\t\t\t<div class=\"elementor-element elementor-element-0573484 e-con-full e-flex e-con e-parent\" data-id=\"0573484\" data-element_type=\"container\" data-e-type=\"container\" data-settings=\"{&quot;jet_parallax_layout_list&quot;:[]}\">\n\t\t<div class=\"elementor-element elementor-element-9b812db e-con-full e-flex e-con e-child\" data-id=\"9b812db\" data-element_type=\"container\" data-e-type=\"container\" data-settings=\"{&quot;background_background&quot;:&quot;classic&quot;,&quot;jet_parallax_layout_list&quot;:[]}\">\n\t\t\t\t<div class=\"elementor-element elementor-element-97b4b51 elementor-widget elementor-widget-heading\" data-id=\"97b4b51\" data-element_type=\"widget\" data-e-type=\"widget\" data-widget_type=\"heading.default\">\n\t\t\t\t<div class=\"elementor-widget-container\">\n\t\t\t\t\t<h2 class=\"elementor-heading-title elementor-size-default\">Conseil<\/h2>\t\t\t\t<\/div>\n\t\t\t\t<\/div>\n\t\t\t\t<div class=\"elementor-element elementor-element-f153c3b elementor-widget-divider--view-line elementor-widget elementor-widget-divider\" data-id=\"f153c3b\" data-element_type=\"widget\" data-e-type=\"widget\" data-widget_type=\"divider.default\">\n\t\t\t\t<div class=\"elementor-widget-container\">\n\t\t\t\t\t\t\t<div class=\"elementor-divider\">\n\t\t\t<span class=\"elementor-divider-separator\">\n\t\t\t\t\t\t<\/span>\n\t\t<\/div>\n\t\t\t\t\t\t<\/div>\n\t\t\t\t<\/div>\n\t\t\t\t<div class=\"elementor-element elementor-element-2f80b7c elementor-widget elementor-widget-text-editor\" data-id=\"2f80b7c\" data-element_type=\"widget\" data-e-type=\"widget\" data-widget_type=\"text-editor.default\">\n\t\t\t\t<div class=\"elementor-widget-container\">\n\t\t\t\t\t\t\t\t\t<p><span style=\"font-weight: 400;\">Nous vous conseillons sur les possibilit\u00e9s des innovations d\u00e9mocratiques, les approches possibles, les formats et les r\u00e9sultats ainsi que leur utilit\u00e9.<\/span><\/p>\t\t\t\t\t\t\t\t<\/div>\n\t\t\t\t<\/div>\n\t\t\t\t<\/div>\n\t\t<div class=\"elementor-element elementor-element-bd77761 e-con-full e-flex e-con e-child\" data-id=\"bd77761\" data-element_type=\"container\" data-e-type=\"container\" data-settings=\"{&quot;jet_parallax_layout_list&quot;:[]}\">\n\t\t\t\t<div class=\"elementor-element elementor-element-a366ba4 elementor-widget elementor-widget-heading\" data-id=\"a366ba4\" data-element_type=\"widget\" data-e-type=\"widget\" data-widget_type=\"heading.default\">\n\t\t\t\t<div class=\"elementor-widget-container\">\n\t\t\t\t\t<h2 class=\"elementor-heading-title elementor-size-default\">Proc\u00e9dure de tirage au sort<\/h2>\t\t\t\t<\/div>\n\t\t\t\t<\/div>\n\t\t\t\t<div class=\"elementor-element elementor-element-d01f2c3 elementor-widget-divider--view-line elementor-widget elementor-widget-divider\" data-id=\"d01f2c3\" data-element_type=\"widget\" data-e-type=\"widget\" data-widget_type=\"divider.default\">\n\t\t\t\t<div class=\"elementor-widget-container\">\n\t\t\t\t\t\t\t<div class=\"elementor-divider\">\n\t\t\t<span class=\"elementor-divider-separator\">\n\t\t\t\t\t\t<\/span>\n\t\t<\/div>\n\t\t\t\t\t\t<\/div>\n\t\t\t\t<\/div>\n\t\t\t\t<div class=\"elementor-element elementor-element-e2e4889 elementor-widget elementor-widget-text-editor\" data-id=\"e2e4889\" data-element_type=\"widget\" data-e-type=\"widget\" data-widget_type=\"text-editor.default\">\n\t\t\t\t<div class=\"elementor-widget-container\">\n\t\t\t\t\t\t\t\t\t<p><span style=\"font-weight: 400;\">Nous concevons et mettons en \u0153uvre des proc\u00e9dures de tirage au sort pour les processus d\u00e9lib\u00e9ratifs de A \u00e0 Z, du profil des participants \u00e0 la conception et \u00e0 la mise en \u0153uvre des proc\u00e9dures de s\u00e9lection.<\/span><\/p>\t\t\t\t\t\t\t\t<\/div>\n\t\t\t\t<\/div>\n\t\t\t\t<\/div>\n\t\t<div class=\"elementor-element elementor-element-96041f3 e-con-full e-flex e-con e-child\" data-id=\"96041f3\" data-element_type=\"container\" data-e-type=\"container\" data-settings=\"{&quot;jet_parallax_layout_list&quot;:[]}\">\n\t\t\t\t<div class=\"elementor-element elementor-element-da6bb9c elementor-widget elementor-widget-heading\" data-id=\"da6bb9c\" data-element_type=\"widget\" data-e-type=\"widget\" data-widget_type=\"heading.default\">\n\t\t\t\t<div class=\"elementor-widget-container\">\n\t\t\t\t\t<h2 class=\"elementor-heading-title elementor-size-default\">Conception de processus &amp; mod\u00e9ration<\/h2>\t\t\t\t<\/div>\n\t\t\t\t<\/div>\n\t\t\t\t<div class=\"elementor-element elementor-element-dff958c elementor-widget-divider--view-line elementor-widget elementor-widget-divider\" data-id=\"dff958c\" data-element_type=\"widget\" data-e-type=\"widget\" data-widget_type=\"divider.default\">\n\t\t\t\t<div class=\"elementor-widget-container\">\n\t\t\t\t\t\t\t<div class=\"elementor-divider\">\n\t\t\t<span class=\"elementor-divider-separator\">\n\t\t\t\t\t\t<\/span>\n\t\t<\/div>\n\t\t\t\t\t\t<\/div>\n\t\t\t\t<\/div>\n\t\t\t\t<div class=\"elementor-element elementor-element-b7ee711 elementor-widget elementor-widget-text-editor\" data-id=\"b7ee711\" data-element_type=\"widget\" data-e-type=\"widget\" data-widget_type=\"text-editor.default\">\n\t\t\t\t<div class=\"elementor-widget-container\">\n\t\t\t\t\t\t\t\t\t<p>Nous vous accompagnons dans la phase de conception, du macro-design du processus (p. ex. objectifs, planification g\u00e9n\u00e9rale et ancrage dans les processus d\u00e9cisionnels) jusqu'au micro-design (p. ex. processus de mod\u00e9ration d\u00e9taill\u00e9, calendrier, intervenants externes). Dans la phase de mise en \u0153uvre, nous pouvons \u00e9galement prendre en charge la mod\u00e9ration du processus, l'organisation g\u00e9n\u00e9rale et la coordination des \u00e9v\u00e9nements.<\/p>\t\t\t\t\t\t\t\t<\/div>\n\t\t\t\t<\/div>\n\t\t\t\t<\/div>\n\t\t<div class=\"elementor-element elementor-element-469c73b e-con-full e-flex e-con e-child\" data-id=\"469c73b\" data-element_type=\"container\" data-e-type=\"container\" data-settings=\"{&quot;background_background&quot;:&quot;classic&quot;,&quot;jet_parallax_layout_list&quot;:[]}\">\n\t\t\t\t<div class=\"elementor-element elementor-element-523a04e elementor-widget elementor-widget-heading\" data-id=\"523a04e\" data-element_type=\"widget\" data-e-type=\"widget\" data-widget_type=\"heading.default\">\n\t\t\t\t<div class=\"elementor-widget-container\">\n\t\t\t\t\t<h2 class=\"elementor-heading-title elementor-size-default\">\u00c9valuation<\/h2>\t\t\t\t<\/div>\n\t\t\t\t<\/div>\n\t\t\t\t<div class=\"elementor-element elementor-element-8929130 elementor-widget-divider--view-line elementor-widget elementor-widget-divider\" data-id=\"8929130\" data-element_type=\"widget\" data-e-type=\"widget\" data-widget_type=\"divider.default\">\n\t\t\t\t<div class=\"elementor-widget-container\">\n\t\t\t\t\t\t\t<div class=\"elementor-divider\">\n\t\t\t<span class=\"elementor-divider-separator\">\n\t\t\t\t\t\t<\/span>\n\t\t<\/div>\n\t\t\t\t\t\t<\/div>\n\t\t\t\t<\/div>\n\t\t\t\t<div class=\"elementor-element elementor-element-b7e14ef elementor-widget elementor-widget-text-editor\" data-id=\"b7e14ef\" data-element_type=\"widget\" data-e-type=\"widget\" data-widget_type=\"text-editor.default\">\n\t\t\t\t<div class=\"elementor-widget-container\">\n\t\t\t\t\t\t\t\t\t<p><span style=\"font-weight: 400;\">Nous \u00e9valuons la qualit\u00e9 et l'impact des processus d'innovation d\u00e9mocratique selon des normes scientifiques reconnues.<\/span><\/p>\t\t\t\t\t\t\t\t<\/div>\n\t\t\t\t<\/div>\n\t\t\t\t<\/div>\n\t\t\t\t<\/div>\n\t\t\t\t<\/div>","protected":false},"excerpt":{"rendered":"<p>Nous vous soutenons dans la mise en \u0153uvre de processus d\u00e9lib\u00e9ratifs, tels que les assembl\u00e9es citoyennes et d'autres innovations d\u00e9mocratiques. <\/p>","protected":false},"author":7,"featured_media":3319,"parent":0,"menu_order":0,"comment_status":"closed","ping_status":"closed","template":"","meta":{"footnotes":""},"class_list":["post-5178","page","type-page","status-publish","has-post-thumbnail","hentry"],"_links":{"self":[{"href":"https:\/\/demoscan.ch\/fr\/wp-json\/wp\/v2\/pages\/5178","targetHints":{"allow":["GET"]}}],"collection":[{"href":"https:\/\/demoscan.ch\/fr\/wp-json\/wp\/v2\/pages"}],"about":[{"href":"https:\/\/demoscan.ch\/fr\/wp-json\/wp\/v2\/types\/page"}],"author":[{"embeddable":true,"href":"https:\/\/demoscan.ch\/fr\/wp-json\/wp\/v2\/users\/7"}],"replies":[{"embeddable":true,"href":"https:\/\/demoscan.ch\/fr\/wp-json\/wp\/v2\/comments?post=5178"}],"version-history":[{"count":29,"href":"https:\/\/demoscan.ch\/fr\/wp-json\/wp\/v2\/pages\/5178\/revisions"}],"predecessor-version":[{"id":5569,"href":"https:\/\/demoscan.ch\/fr\/wp-json\/wp\/v2\/pages\/5178\/revisions\/5569"}],"wp:featuredmedia":[{"embeddable":true,"href":"https:\/\/demoscan.ch\/fr\/wp-json\/wp\/v2\/media\/3319"}],"wp:attachment":[{"href":"https:\/\/demoscan.ch\/fr\/wp-json\/wp\/v2\/media?parent=5178"}],"curies":[{"name":"wp","href":"https:\/\/api.w.org\/{rel}","templated":true}]}}