{"id":5100,"date":"2026-02-21T14:28:32","date_gmt":"2026-02-21T14:28:32","guid":{"rendered":"https:\/\/demoscan.ch\/?page_id=5100"},"modified":"2026-04-07T08:22:41","modified_gmt":"2026-04-07T08:22:41","slug":"ueber-uns","status":"publish","type":"page","link":"https:\/\/demoscan.ch\/fr\/ueber-uns\/","title":{"rendered":"\u00c0 propos de nous"},"content":{"rendered":"<div data-elementor-type=\"wp-page\" data-elementor-id=\"5100\" class=\"elementor elementor-5100\" data-elementor-post-type=\"page\">\n\t\t\t\t<div class=\"elementor-element elementor-element-3d8d9f7 e-flex e-con-boxed e-con e-parent\" data-id=\"3d8d9f7\" data-element_type=\"container\" data-e-type=\"container\" data-settings=\"{&quot;jet_parallax_layout_list&quot;:[]}\">\n\t\t\t\t\t<div class=\"e-con-inner\">\n\t\t\t\t<div class=\"elementor-element elementor-element-45a6706 elementor-widget__width-initial elementor-widget elementor-widget-heading\" data-id=\"45a6706\" data-element_type=\"widget\" data-e-type=\"widget\" data-widget_type=\"heading.default\">\n\t\t\t\t<div class=\"elementor-widget-container\">\n\t\t\t\t\t<h4 class=\"elementor-heading-title elementor-size-default\">Der Vorstand<\/h4>\t\t\t\t<\/div>\n\t\t\t\t<\/div>\n\t\t<div class=\"elementor-element elementor-element-1cedfdd e-flex e-con-boxed e-con e-child\" data-id=\"1cedfdd\" data-element_type=\"container\" data-e-type=\"container\" data-settings=\"{&quot;jet_parallax_layout_list&quot;:[]}\">\n\t\t\t\t\t<div class=\"e-con-inner\">\n\t\t\t\t<div class=\"elementor-element elementor-element-aefde1e elementor-position-top elementor-widget elementor-widget-image-box\" data-id=\"aefde1e\" data-element_type=\"widget\" data-e-type=\"widget\" data-widget_type=\"image-box.default\">\n\t\t\t\t<div class=\"elementor-widget-container\">\n\t\t\t\t\t<div class=\"elementor-image-box-wrapper\"><figure class=\"elementor-image-box-img\"><img decoding=\"async\" src=\"https:\/\/demoscan.ch\/wp-content\/uploads\/elementor\/thumbs\/Nenad-Stojanovic-e1722331405192-qrv6f3a5c8ou2n11ofyw7umtv0zapeihtv7fxktl6w.jpg\" title=\"POLITOLOGUE, POLITOLOGUE, SCIENCE POLITIQUE, PROF,\" alt=\"Prof. Dr. Nenad Stojanovic\" loading=\"lazy\" \/><\/figure><div class=\"elementor-image-box-content\"><h3 class=\"elementor-image-box-title\">Nenad Stojanovic<\/h3><p class=\"elementor-image-box-description\">Co-pr\u00e9sident<\/p><\/div><\/div>\t\t\t\t<\/div>\n\t\t\t\t<\/div>\n\t\t\t\t<div class=\"elementor-element elementor-element-8935773 elementor-position-top elementor-widget elementor-widget-image-box\" data-id=\"8935773\" data-element_type=\"widget\" data-e-type=\"widget\" data-widget_type=\"image-box.default\">\n\t\t\t\t<div class=\"elementor-widget-container\">\n\t\t\t\t\t<div class=\"elementor-image-box-wrapper\"><figure class=\"elementor-image-box-img\"><img decoding=\"async\" src=\"https:\/\/demoscan.ch\/wp-content\/uploads\/elementor\/thumbs\/Christiane-Amici-Raboud-e1722331728653-qrv6niw0nq8g8os1fl7e380pqheurmzsnlx9xybfd4.jpg\" title=\"Christiane Amici Raboud\" alt=\"Christiane Amici-Raboud\" loading=\"lazy\" \/><\/figure><div class=\"elementor-image-box-content\"><h3 class=\"elementor-image-box-title\">Christiane Amici Raboud<\/h3><p class=\"elementor-image-box-description\">Co-pr\u00e9sidente<\/p><\/div><\/div>\t\t\t\t<\/div>\n\t\t\t\t<\/div>\n\t\t\t\t<div class=\"elementor-element elementor-element-6be5e8d elementor-position-top elementor-widget elementor-widget-image-box\" data-id=\"6be5e8d\" data-element_type=\"widget\" data-e-type=\"widget\" data-widget_type=\"image-box.default\">\n\t\t\t\t<div class=\"elementor-widget-container\">\n\t\t\t\t\t<div class=\"elementor-image-box-wrapper\"><figure class=\"elementor-image-box-img\"><img decoding=\"async\" src=\"https:\/\/demoscan.ch\/wp-content\/uploads\/elementor\/thumbs\/Victor-Sanchez-Mazas-e1722331507263-qrv6hr5opcc2yv5s4leua6fugbuqij3471qyvsvfk8.jpg\" title=\"2024.01.20_ConseilDesHabitants_Lancy_GrangeNavazza\" alt=\"Dr. Victor Sanchez-Mazas\" loading=\"lazy\" \/><\/figure><div class=\"elementor-image-box-content\"><h3 class=\"elementor-image-box-title\">Victor Sanchez Mazas<\/h3><p class=\"elementor-image-box-description\">Membre du comit\u00e9<\/p><\/div><\/div>\t\t\t\t<\/div>\n\t\t\t\t<\/div>\n\t\t\t\t\t<\/div>\n\t\t\t\t<\/div>\n\t\t<div class=\"elementor-element elementor-element-d600c82 e-flex e-con-boxed e-con e-child\" data-id=\"d600c82\" data-element_type=\"container\" data-e-type=\"container\" data-settings=\"{&quot;jet_parallax_layout_list&quot;:[]}\">\n\t\t\t\t\t<div class=\"e-con-inner\">\n\t\t\t\t<div class=\"elementor-element elementor-element-b61711e elementor-position-top elementor-widget elementor-widget-image-box\" data-id=\"b61711e\" data-element_type=\"widget\" data-e-type=\"widget\" data-widget_type=\"image-box.default\">\n\t\t\t\t<div class=\"elementor-widget-container\">\n\t\t\t\t\t<div class=\"elementor-image-box-wrapper\"><figure class=\"elementor-image-box-img\"><img decoding=\"async\" src=\"https:\/\/demoscan.ch\/wp-content\/uploads\/elementor\/thumbs\/Andri.Heimann1_web-e1772960761726-rk76tegzhp3qe7oprtlngbyjev0vlu3ex7vp5vn4aw.jpg\" title=\"Bev\u00f6lkerungsrat 2025\" alt=\"Bev\u00f6lkerungsrat 2025\" loading=\"lazy\" \/><\/figure><div class=\"elementor-image-box-content\"><h3 class=\"elementor-image-box-title\">Andri Heimann<\/h3><p class=\"elementor-image-box-description\">Membre du comit\u00e9<\/p><\/div><\/div>\t\t\t\t<\/div>\n\t\t\t\t<\/div>\n\t\t\t\t<div class=\"elementor-element elementor-element-09b94f3 elementor-position-top elementor-widget elementor-widget-image-box\" data-id=\"09b94f3\" data-element_type=\"widget\" data-e-type=\"widget\" data-widget_type=\"image-box.default\">\n\t\t\t\t<div class=\"elementor-widget-container\">\n\t\t\t\t\t<div class=\"elementor-image-box-wrapper\"><figure class=\"elementor-image-box-img\"><img decoding=\"async\" src=\"https:\/\/demoscan.ch\/wp-content\/uploads\/elementor\/thumbs\/e7_Katja-Breitenmoser_15001_quadrat-qrv6e5fyi7eigoe761cbq368h5m30as5p7pynm7rew.jpg\" title=\"Katja Breitenmoser\" alt=\"Katja Breitenmoser\" loading=\"lazy\" \/><\/figure><div class=\"elementor-image-box-content\"><h3 class=\"elementor-image-box-title\">Katja Breitenmoser<\/h3><p class=\"elementor-image-box-description\">Membre du comit\u00e9<\/p><\/div><\/div>\t\t\t\t<\/div>\n\t\t\t\t<\/div>\n\t\t\t\t<div class=\"elementor-element elementor-element-e6d3535 elementor-position-top elementor-widget elementor-widget-image-box\" data-id=\"e6d3535\" data-element_type=\"widget\" data-e-type=\"widget\" data-widget_type=\"image-box.default\">\n\t\t\t\t<div class=\"elementor-widget-container\">\n\t\t\t\t\t<div class=\"elementor-image-box-wrapper\"><figure class=\"elementor-image-box-img\"><img decoding=\"async\" src=\"https:\/\/demoscan.ch\/wp-content\/uploads\/elementor\/thumbs\/Francesco-Veri-qrv6dd8st6bwsdj5qp5inaaenlh2ldo7lc5e9bdklk.png\" title=\"Francesco Veri\" alt=\"Dr. Francesco Veri\" loading=\"lazy\" \/><\/figure><div class=\"elementor-image-box-content\"><h3 class=\"elementor-image-box-title\">Francesco Veri<\/h3><p class=\"elementor-image-box-description\">Membre du comit\u00e9<\/p><\/div><\/div>\t\t\t\t<\/div>\n\t\t\t\t<\/div>\n\t\t\t\t\t<\/div>\n\t\t\t\t<\/div>\n\t\t\t\t\t<\/div>\n\t\t\t\t<\/div>\n\t\t<div class=\"elementor-element elementor-element-b9ae9d6 e-flex e-con-boxed e-con e-parent\" data-id=\"b9ae9d6\" data-element_type=\"container\" data-e-type=\"container\" data-settings=\"{&quot;jet_parallax_layout_list&quot;:[],&quot;background_background&quot;:&quot;classic&quot;}\">\n\t\t\t\t\t<div class=\"e-con-inner\">\n\t\t\t\t<div class=\"elementor-element elementor-element-9f7944b elementor-widget__width-initial elementor-widget elementor-widget-heading\" data-id=\"9f7944b\" data-element_type=\"widget\" data-e-type=\"widget\" data-widget_type=\"heading.default\">\n\t\t\t\t<div class=\"elementor-widget-container\">\n\t\t\t\t\t<h4 class=\"elementor-heading-title elementor-size-default\">Unsere Mission<\/h4>\t\t\t\t<\/div>\n\t\t\t\t<\/div>\n\t\t\t\t<div class=\"elementor-element elementor-element-233c407 elementor-widget__width-initial elementor-widget elementor-widget-text-editor\" data-id=\"233c407\" data-element_type=\"widget\" data-e-type=\"widget\" data-widget_type=\"text-editor.default\">\n\t\t\t\t<div class=\"elementor-widget-container\">\n\t\t\t\t\t\t\t\t\t<p><em>Wir sind<\/em> <br \/>\u2026 eine Vereinigung von B\u00fcrger:innen, Wissenschaftler:innen und Praktiker:innen,<\/p><p><em>die im Geiste von<\/em> <br \/>\u2026 Austausch, Offenheit und Wissenstransfer zusammenarbeiten,<\/p><p><em>mit der Mission<\/em> <br \/>\u2026 deliberative Demokratie und B\u00fcrgerbeteiligung zu unterst\u00fctzen, zu f\u00f6rdern, zu verbreiten und weiterzuentwickeln zu Gunsten von Inklusion, Vertrauen, Gleichberechtigung und Unabh\u00e4ngigkeit. <br \/>\u2026 zu unserer Demokratie als einem sich wandelnden System beizutragen, das von B\u00fcrger:innen gemeinsam gestaltet wird.<\/p>\t\t\t\t\t\t\t\t<\/div>\n\t\t\t\t<\/div>\n\t\t\t\t\t<\/div>\n\t\t\t\t<\/div>\n\t\t<div class=\"elementor-element elementor-element-e4fda1c e-flex e-con-boxed e-con e-parent\" data-id=\"e4fda1c\" data-element_type=\"container\" data-e-type=\"container\" data-settings=\"{&quot;jet_parallax_layout_list&quot;:[]}\">\n\t\t\t\t\t<div class=\"e-con-inner\">\n\t\t\t\t<div class=\"elementor-element elementor-element-a402b8b elementor-widget__width-initial elementor-widget elementor-widget-heading\" data-id=\"a402b8b\" data-element_type=\"widget\" data-e-type=\"widget\" data-widget_type=\"heading.default\">\n\t\t\t\t<div class=\"elementor-widget-container\">\n\t\t\t\t\t<h4 class=\"elementor-heading-title elementor-size-default\">Notre histoire<\/h4>\t\t\t\t<\/div>\n\t\t\t\t<\/div>\n\t\t\t\t<div class=\"elementor-element elementor-element-b5a3058 elementor-widget__width-initial elementor-widget elementor-widget-text-editor\" data-id=\"b5a3058\" data-element_type=\"widget\" data-e-type=\"widget\" data-widget_type=\"text-editor.default\">\n\t\t\t\t<div class=\"elementor-widget-container\">\n\t\t\t\t\t\t\t\t\t<p><strong>Seit 2019<\/strong><\/p><p>Sous le nom de\u00a0<em>Demoscan<\/em>\u00a0quatre \u00ab Citizen Initiative Reviews \u00bb ont \u00e9t\u00e9 organis\u00e9es depuis 2019. Cette proc\u00e9dure de participation citoyenne innovante, originaire des Etats-Unis, permet \u00e0 un groupe de citoyens tir\u00e9s au sort de se pencher de mani\u00e8re approfondie sur un objet de votation et d'en informer leurs concitoyens de mani\u00e8re simple et compr\u00e9hensible.<\/p><p>En outre, les responsables de projet de\u00a0<em>Demoscan\u00a0<\/em>ont d\u00e9j\u00e0 particip\u00e9 \u00e0 plus de 10 conseils citoyens \u00e0 tous les niveaux de l'\u00c9tat en Suisse et au-del\u00e0, dans des fonctions et des r\u00f4les diff\u00e9rents. Au cours des quatre derni\u00e8res ann\u00e9es, nous avons pu acqu\u00e9rir une exp\u00e9rience pr\u00e9cieuse de cette forme de participation nouvelle en Suisse, construire un r\u00e9seau solide et contribuer activement \u00e0 faire conna\u00eetre et \u00e0 diffuser les conseils citoyens en Suisse.<\/p><p><strong>Ab Juni 2023<\/strong><\/p><div class=\"elementor elementor-3279\" data-elementor-type=\"wp-page\" data-elementor-id=\"3279\" data-elementor-post-type=\"page\"><div class=\"elementor-element elementor-element-243b162b e-con-full e-flex e-con e-parent e-lazyloaded\" data-id=\"243b162b\" data-element_type=\"container\" data-e-type=\"container\" data-settings=\"{&quot;jet_parallax_layout_list&quot;:[]}\"><div class=\"elementor-element elementor-element-46fd6c19 e-con-full e-flex e-con e-child\" data-id=\"46fd6c19\" data-element_type=\"container\" data-e-type=\"container\" data-settings=\"{&quot;jet_parallax_layout_list&quot;:[]}\"><div class=\"elementor-element elementor-element-0e1bba4 elementor-widget elementor-widget-text-editor animated fadeIn\" data-id=\"0e1bba4\" data-element_type=\"widget\" data-e-type=\"widget\" data-settings=\"{&quot;_animation&quot;:&quot;fadeIn&quot;,&quot;_animation_delay&quot;:400}\" data-widget_type=\"text-editor.default\"><div class=\"elementor-widget-container\"><p>Afin de poursuivre ces exp\u00e9riences, d'unir nos forces et de faire avancer le d\u00e9veloppement des conseils citoyens en Suisse, nous avons fond\u00e9 le 9 juin 2023, avec nos partenaires de la premi\u00e8re heure, l'association \u00ab Demoscan \u00bb.<\/p><\/div><\/div><\/div><\/div><\/div>\t\t\t\t\t\t\t\t<\/div>\n\t\t\t\t<\/div>\n\t\t\t\t\t<\/div>\n\t\t\t\t<\/div>\n\t\t\t\t<\/div>","protected":false},"excerpt":{"rendered":"<p>Demoscan ist eine Vereinigung von B\u00fcrger:innen, Wissenschaftler:innen und Facilitation-Praktiker:innen. Unsere Mission ist es, deliberative Demokratie und B\u00fcrgerbeteiligung als lebendiges und gemeinsam gestaltetes Fundament unserer Gesellschaft zu st\u00e4rken.<\/p>","protected":false},"author":7,"featured_media":5101,"parent":0,"menu_order":0,"comment_status":"closed","ping_status":"closed","template":"","meta":{"footnotes":""},"class_list":["post-5100","page","type-page","status-publish","has-post-thumbnail","hentry"],"_links":{"self":[{"href":"https:\/\/demoscan.ch\/fr\/wp-json\/wp\/v2\/pages\/5100","targetHints":{"allow":["GET"]}}],"collection":[{"href":"https:\/\/demoscan.ch\/fr\/wp-json\/wp\/v2\/pages"}],"about":[{"href":"https:\/\/demoscan.ch\/fr\/wp-json\/wp\/v2\/types\/page"}],"author":[{"embeddable":true,"href":"https:\/\/demoscan.ch\/fr\/wp-json\/wp\/v2\/users\/7"}],"replies":[{"embeddable":true,"href":"https:\/\/demoscan.ch\/fr\/wp-json\/wp\/v2\/comments?post=5100"}],"version-history":[{"count":75,"href":"https:\/\/demoscan.ch\/fr\/wp-json\/wp\/v2\/pages\/5100\/revisions"}],"predecessor-version":[{"id":5633,"href":"https:\/\/demoscan.ch\/fr\/wp-json\/wp\/v2\/pages\/5100\/revisions\/5633"}],"wp:featuredmedia":[{"embeddable":true,"href":"https:\/\/demoscan.ch\/fr\/wp-json\/wp\/v2\/media\/5101"}],"wp:attachment":[{"href":"https:\/\/demoscan.ch\/fr\/wp-json\/wp\/v2\/media?parent=5100"}],"curies":[{"name":"wp","href":"https:\/\/api.w.org\/{rel}","templated":true}]}}