{"id":5091,"date":"2026-02-21T15:22:45","date_gmt":"2026-02-21T15:22:45","guid":{"rendered":"https:\/\/demoscan.ch\/?page_id=5091"},"modified":"2026-03-06T11:59:13","modified_gmt":"2026-03-06T11:59:13","slug":"medien","status":"publish","type":"page","link":"https:\/\/demoscan.ch\/fr\/medien\/","title":{"rendered":"m\u00e9dias"},"content":{"rendered":"<div data-elementor-type=\"wp-page\" data-elementor-id=\"5091\" class=\"elementor elementor-5091\" data-elementor-post-type=\"page\">\n\t\t\t\t<div class=\"elementor-element elementor-element-279a2e2b e-flex e-con-boxed e-con e-parent\" data-id=\"279a2e2b\" data-element_type=\"container\" data-e-type=\"container\" data-settings=\"{&quot;jet_parallax_layout_list&quot;:[]}\">\n\t\t\t\t\t<div class=\"e-con-inner\">\n\t\t\t\t<div class=\"elementor-element elementor-element-445093be elementor-widget__width-initial elementor-widget elementor-widget-text-editor\" data-id=\"445093be\" data-element_type=\"widget\" data-e-type=\"widget\" data-widget_type=\"text-editor.default\">\n\t\t\t\t<div class=\"elementor-widget-container\">\n\t\t\t\t\t\t\t\t\t\n<h3 class=\"wp-block-heading\">2025<\/h3>\n\n<ul class=\"wp-block-list\">\n<li><a href=\"http:\/\/L\u2019Assemblea cittadina propone una tassa sullo zucchero\" target=\"_blank\" rel=\"noreferrer noopener\">L\u2019Assemblea cittadina propone una tassa sullo zucchero<\/a> (RSI, 15 aprile 2025)<\/li>\n\n<li><a href=\"https:\/\/www.telebaern.tv\/telebaern-news\/bevoelkerungsrat-soll-demokratie-beleben-160352575\" target=\"_blank\" rel=\"noreferrer noopener\">Bev\u00f6lkerungsrat soll Demokratie beleben <\/a>(TeleB\u00e4rn, 31. M\u00e4rz 2025)<\/li>\n\n<li><a href=\"http:\/\/Un weekend pour repenser la d\u00e9mocratie\" target=\"_blank\" rel=\"noreferrer noopener\">Un weekend pour repenser la d\u00e9mocratie<\/a> (RTN, 12 f\u00e9vrier 2025)<\/li>\n<\/ul>\n\n<div class=\"wp-block-spacer\" style=\"height: 25px;\" aria-hidden=\"true\">\u00a0<\/div>\n\n<h3 class=\"wp-block-heading\">2024<\/h3>\n\n<ul class=\"wp-block-list\">\n<li><a href=\"https:\/\/www.aargauerzeitung.ch\/aargau\/kanton-aargau\/reportage-die-aargauerin-beatrice-adler-will-die-praemienexplosion-stoppen-als-eine-von-100-personen-im-bevoelkerungsrat-ld.2705056\" target=\"_blank\" rel=\"noreferrer noopener\">Die Aargauerin Beatrice Adler will die Pr\u00e4mienexplosion stoppen &#8211; als eine von 100 Personen im Bev\u00f6lkerungsrat<\/a> (Aargauer Zeitung, 17. Dezember 2024)<\/li>\n\n<li><a href=\"https:\/\/www.letemps.ch\/opinions\/debats\/donnons-a-la-democratie-participative-une-chance-reelle\" target=\"_blank\" rel=\"noreferrer noopener\">Donnons \u00e0 la d\u00e9mocratie participative une chance r\u00e9elle<\/a> (Le Temps, 4 d\u00e9cembre 2024)<\/li>\n\n<li><a href=\"https:\/\/www.rsi.ch\/info\/svizzera\/Costi-della-sanit%C3%A0-Ci-pensano-i-cittadini--2364159.html\" target=\"_blank\" rel=\"noreferrer noopener\">Costi della sanit\u00e0? Ci pensano i cittadini<\/a> (RSI, 16 novembre 2024)<\/li>\n\n<li><a href=\"https:\/\/dievolkswirtschaft.ch\/de\/2024\/11\/der-bevoelkerungsrat-ein-neues-stueck-demokratie\/\" target=\"_blank\" rel=\"noreferrer noopener\">Der Bev\u00f6lkerungsrat &#8211; ein neues St\u00fcck Demokratie<\/a> (Die Volkswirtschaft, 5. November 2024)<\/li>\n<\/ul>\n\n<div class=\"wp-block-spacer\" style=\"height: 25px;\" aria-hidden=\"true\">\u00a0<\/div>\n\n<h3 class=\"wp-block-heading\">2023<\/h3>\n\n<ul class=\"wp-block-list\">\n<li><a href=\"https:\/\/www.srf.ch\/play\/tv\/schweiz-aktuell\/video\/pilotprojekt-aarau-politik-einfach-erklaert?urn=urn:srf:video:7dacbc5a-9dc9-4d65-a0c0-cd832c232a74\" target=\"_blank\" rel=\"noreferrer noopener\" data-type=\"link\" data-id=\"https:\/\/www.srf.ch\/play\/tv\/schweiz-aktuell\/video\/pilotprojekt-aarau-politik-einfach-erklaert?urn=urn:srf:video:7dacbc5a-9dc9-4d65-a0c0-cd832c232a74\">Pilotprojekt Aarau: Politik einfach erkl\u00e4rt <\/a>(SRF Schweiz aktuell, 20. Juni 2023)<\/li>\n\n<li><a href=\"https:\/\/www.srf.ch\/news\/abstimmungen-18-juni-2023\/abstimmungsinfos-im-vergleich-neue-aargauer-abstimmungsunterlagen-kommen-bei-jungen-schlecht-an\" target=\"_blank\" rel=\"noreferrer noopener\" data-type=\"link\" data-id=\"https:\/\/www.srf.ch\/news\/abstimmungen-18-juni-2023\/abstimmungsinfos-im-vergleich-neue-aargauer-abstimmungsunterlagen-kommen-bei-jungen-schlecht-an\">Neue Aargauer Abstimmungsunterlagen kommen bei Jungen schlecht an<\/a> (SRF Regionaljournal Aargau Solothurn, 9. Juni 2023)<\/li>\n\n<li><a href=\"https:\/\/www.rsi.ch\/info\/ticino-grigioni-e-insubria\/Un-progetto-contro-lastensionismo--1818125.html\" target=\"_blank\" rel=\"noreferrer noopener\">Un progetto contro l&#8217;astensionismo<\/a> (RSI, 22 maggio 2023)<\/li>\n\n<li><a href=\"https:\/\/www.laregione.ch\/cantone\/bellinzonese\/1653809\/votazione-tema-demoscan-bellinzona-progetto-entra\" target=\"_blank\" rel=\"noreferrer noopener\">A Bellinzona il progetto \u2018demoscan\u2019 entra nel vivo<\/a> (La Regione, 5 marzo 2023)<\/li>\n\n<li><a href=\"https:\/\/www.letemps.ch\/suisse\/avons-besoin-dune-redistribution-pouvoir-cest-democratie-crise\" target=\"_blank\" rel=\"noreferrer noopener\">\u00abSi nous avons besoin d\u2019une redistribution du pouvoir, c\u2019est que la d\u00e9mocratie est en crise\u00bb<\/a> (Le Temps, 8 f\u00e9vrier 2023)<\/li>\n<\/ul>\n\n<div class=\"wp-block-spacer\" style=\"height: 25px;\" aria-hidden=\"true\">\u00a0<\/div>\n\n<h3 class=\"wp-block-heading\">2022<\/h3>\n\n<ul class=\"wp-block-list\">\n<li><a href=\"https:\/\/www.swissinfo.ch\/ger\/politik\/wird-die-schweizer-demokratie-besser-wenn-der-zufall-mitredet\/47911790\" target=\"_blank\" rel=\"noreferrer noopener\">Wird die Schweizer Demokratie besser, wenn der Zufall mitredet? <\/a>(Swissinfo.ch, 5. Oktober 2022)<\/li>\n\n<li><a href=\"https:\/\/podtail.se\/podcast\/mehr-demokratie-wagen\/folge-11-ein-zwischenbilanz-zu-burger-innenraten-i\/\" target=\"_blank\" rel=\"noreferrer noopener\">Eine Zwischenbilanz zu B\u00fcrger:innenr\u00e4ten in der Schweiz mit Andri Heimann <\/a>(&#171;Mehr Demokratie wagen&#187;, 19. Mai 2022)<\/li>\n\n<li><a href=\"https:\/\/www.beobachter.ch\/politik\/burgerpanel-in-winterthur-ein-mittel-gegen-die-demokratiemudigkeit-384468\" target=\"_blank\" rel=\"noreferrer noopener\">&#171;Wir bekamen das Gef\u00fchl, etwas bewirken zu k\u00f6nnen&#187;<\/a> (Beobachter, 13. Januar 2022)<\/li>\n<\/ul>\n\n<div class=\"wp-block-spacer\" style=\"height: 25px;\" aria-hidden=\"true\">\u00a0<\/div>\n\n<h3 class=\"wp-block-heading\">2021<\/h3>\n\n<ul class=\"wp-block-list\">\n<li><a href=\"https:\/\/www.letemps.ch\/suisse\/panels-citoyens-chevet-dune-democratie-panne\" target=\"_blank\" rel=\"noreferrer noopener\">Des panels citoyens au chevet d\u2019une d\u00e9mocratie en panne<\/a> (Le Temps, 27. November 2021)<\/li>\n\n<li><a href=\"https:\/\/www.woz.ch\/2137\/buergerinnenrat\/uster-laesst-seine-bewohnerinnen-zu-wort-kommen\" target=\"_blank\" rel=\"noreferrer noopener\">Uster l\u00e4sst seine BewohnerInnen zu Wort kommen<\/a> (WOZ, 16. September 2021)<\/li>\n\n<li><a href=\"https:\/\/www.letemps.ch\/suisse\/nenad-stojanovic-panels-citoyens-une-reponse-populisme?srsltid=AfmBOopcTVZ_xW-BgwNtxLLB2sYO9Jg0aKpEIcfJYl9P3sEtwe1XBvEG\" target=\"_blank\" rel=\"noreferrer noopener\">Nenad Stojanovic: \u00abLes panels citoyens sont une r\u00e9ponse au populisme\u00bb<\/a> ( Le Temps, 2. September 2021)<\/li>\n\n<li><a href=\"https:\/\/www.radiolac.ch\/politique\/projet-demoscan-un-objet-de-votation-sera-decortique-par-des-citoyens-genevois\/\" target=\"_blank\" rel=\"noreferrer noopener\">Projet demoscan: un objet de votation sera d\u00e9cortiqu\u00e9 par des citoyens genevois <\/a>(Radio Lac, 1 juin 2021)<\/li>\n<\/ul>\n\n<div class=\"wp-block-spacer\" style=\"height: 25px;\" aria-hidden=\"true\">\u00a0<\/div>\n\n<h3 class=\"wp-block-heading\">2020<\/h3>\n\n<ul class=\"wp-block-list\">\n<li><a href=\"https:\/\/www.tdg.ch\/trente-genevois-pour-reinventer-geneve-167482772467\" target=\"_blank\" rel=\"noreferrer noopener\">Trente Genevois pour r\u00e9inventer Gen\u00e8ve<\/a> (Tribune de Gen\u00e8ve, 15 septembre 2020)<\/li>\n\n<li><a href=\"https:\/\/www.rts.ch\/play\/tv\/forum\/video\/le-projet-valaisan-demoscan-vise-a-mieux-informer-la-population-en-amont-des-votations?urn=urn:rts:video:11062425\" target=\"_blank\" rel=\"noreferrer noopener\">Le projet valaisan Demoscan vise \u00e0 mieux informer la population en amont des votations<\/a> (RTS Info, 2 f\u00e9vrier 2020)<\/li>\n\n<li><a href=\"https:\/\/www.e-newspaperarchives.ch\/?a=d&amp;d=WAB20200113-01.2.11.1\" target=\"_blank\" rel=\"noreferrer noopener\">\u00abDas Projekt ist eine Art &lt;Schule der Demokratie\u00bb<\/a> (Walliser Bote, 13. Januar 2020)<\/li>\n<\/ul>\n\n<div class=\"wp-block-spacer\" style=\"height: 25px;\" aria-hidden=\"true\">\u00a0<\/div>\n\n<h3 class=\"wp-block-heading\">2019<\/h3>\n\n<ul class=\"wp-block-list\">\n<li><a href=\"https:\/\/www.nzz.ch\/schweiz\/20-zusammengewuerfelte-buerger-sollen-die-direkte-demokratie-neu-beleben-kann-das-funktionieren-ld.1524129\" target=\"_blank\" rel=\"noreferrer noopener\">20 zusammengew\u00fcrfelte B\u00fcrger sollen die direkte Demokratie neu beleben \u2013 kann das funktionieren?<\/a> (NZZ, 28. November 2019)<\/li>\n\n<li><a href=\"https:\/\/www.lematin.ch\/story\/des-citoyens-testent-le-projet-demoscan-a-sion-234505774063\" target=\"_blank\" rel=\"noreferrer noopener\">Des citoyens testent le projet demoscan \u00e0 Sion<\/a> (Le Matin, 17 novembre 2019)<\/li>\n<\/ul>\n\n<div class=\"wp-block-spacer\" style=\"height: 45px;\" aria-hidden=\"true\">\u00a0<\/div>\n\n<p>\u00a0<\/p>\n\t\t\t\t\t\t\t\t<\/div>\n\t\t\t\t<\/div>\n\t\t\t\t\t<\/div>\n\t\t\t\t<\/div>\n\t\t\t\t<\/div>","protected":false},"excerpt":{"rendered":"<p>Nous participons activement au discours public sur les nouvelles formes de participation d\u00e9mocratique. Vous trouverez ici une s\u00e9lection d'articles et de rapports sur nos activit\u00e9s et projets.<\/p>","protected":false},"author":7,"featured_media":3945,"parent":0,"menu_order":0,"comment_status":"closed","ping_status":"closed","template":"","meta":{"footnotes":""},"class_list":["post-5091","page","type-page","status-publish","has-post-thumbnail","hentry"],"_links":{"self":[{"href":"https:\/\/demoscan.ch\/fr\/wp-json\/wp\/v2\/pages\/5091","targetHints":{"allow":["GET"]}}],"collection":[{"href":"https:\/\/demoscan.ch\/fr\/wp-json\/wp\/v2\/pages"}],"about":[{"href":"https:\/\/demoscan.ch\/fr\/wp-json\/wp\/v2\/types\/page"}],"author":[{"embeddable":true,"href":"https:\/\/demoscan.ch\/fr\/wp-json\/wp\/v2\/users\/7"}],"replies":[{"embeddable":true,"href":"https:\/\/demoscan.ch\/fr\/wp-json\/wp\/v2\/comments?post=5091"}],"version-history":[{"count":14,"href":"https:\/\/demoscan.ch\/fr\/wp-json\/wp\/v2\/pages\/5091\/revisions"}],"predecessor-version":[{"id":5363,"href":"https:\/\/demoscan.ch\/fr\/wp-json\/wp\/v2\/pages\/5091\/revisions\/5363"}],"wp:featuredmedia":[{"embeddable":true,"href":"https:\/\/demoscan.ch\/fr\/wp-json\/wp\/v2\/media\/3945"}],"wp:attachment":[{"href":"https:\/\/demoscan.ch\/fr\/wp-json\/wp\/v2\/media?parent=5091"}],"curies":[{"name":"wp","href":"https:\/\/api.w.org\/{rel}","templated":true}]}}